{"id":9998,"date":"2022-12-28T10:49:37","date_gmt":"2022-12-28T10:49:37","guid":{"rendered":"https:\/\/arableague.news\/contactez-nous\/"},"modified":"2026-02-24T15:18:22","modified_gmt":"2026-02-24T15:18:22","slug":"contactez-nous","status":"publish","type":"page","link":"https:\/\/arableague.news\/fr\/contactez-nous\/","title":{"rendered":"Contactez-nous"},"content":{"rendered":"\t\t<div data-elementor-type=\"wp-page\" data-elementor-id=\"9998\" class=\"elementor elementor-9998 elementor-666\">\n\t\t\t\t\t\t<section class=\"penci-section penci-disSticky penci-structure-22 elementor-section elementor-top-section elementor-element elementor-element-a5d5f6e elementor-section-boxed elementor-section-height-default elementor-section-height-default\" data-id=\"a5d5f6e\" data-element_type=\"section\" data-e-type=\"section\">\n\t\t\t\t\t\t<div class=\"elementor-container elementor-column-gap-default\">\n\t\t\t\t\t<div class=\"penci-ercol-66 penci-ercol-order-1 penci-sticky-ct    elementor-column elementor-col-66 elementor-top-column elementor-element elementor-element-cdf1074\" data-id=\"cdf1074\" data-element_type=\"column\" data-e-type=\"column\">\n\t\t\t<div class=\"elementor-widget-wrap elementor-element-populated\">\n\t\t\t\t\t\t<div class=\"elementor-element elementor-element-4b98073 elementor-widget elementor-widget-penci-text-block\" data-id=\"4b98073\" data-element_type=\"widget\" data-e-type=\"widget\" data-widget_type=\"penci-text-block.default\">\n\t\t\t\t<div class=\"elementor-widget-container\">\n\t\t\t\t\t\t\t<div class=\"penci-block-vc penci-text-editor\">\n\t\t\t\t\t\t<div class=\"penci-block_content\">\n\t\t\t\t<div class=\"elementor-text-editor elementor-clearfix\"><h2>NOUS CONTACTER<\/h2><p>Si vous avez des questions concernant Arableague.News\u2122 ou si vous \u00eates int\u00e9ress\u00e9 \u00e0 diffuser des communiqu\u00e9s de presse au Moyen-Orient, en Afrique du Nord (MENA) ou dans le monde arabe, contactez-nous sur <a href=\"https:\/\/api.whatsapp.com\/send\/?phone=18327162363&amp;text&amp;app_absent=0\" rel=\"nofollow noopener\" target=\"_blank\">WhatsApp<\/a> ou <a href=\"https:\/\/t.me\/groupwebmedia\" rel=\"nofollow\">Telegram<\/a>.<\/p><\/div>\n\t\t\t<\/div>\n\t\t<\/div>\n\t\t\t\t\t\t<\/div>\n\t\t\t\t<\/div>\n\t\t\t\t\t<\/div>\n\t\t<\/div>\n\t\t\t\t<div class=\"penci-ercol-33 penci-ercol-order-2 penci-sticky-sb penci-sidebarSC   elementor-column elementor-col-33 elementor-top-column elementor-element elementor-element-6bf3f96\" data-id=\"6bf3f96\" data-element_type=\"column\" data-e-type=\"column\">\n\t\t\t<div class=\"elementor-widget-wrap elementor-element-populated\">\n\t\t\t\t\t\t<div class=\"elementor-element elementor-element-8978e19 elementor-widget elementor-widget-penci-big-grid\" data-id=\"8978e19\" data-element_type=\"widget\" data-e-type=\"widget\" data-widget_type=\"penci-big-grid.default\">\n\t\t\t\t<div class=\"elementor-widget-container\">\n\t\t\t\t\t        <div class=\"penci-clearfix penci-biggrid-wrapper penci-grid-col-1 penci-grid-mcol-1 penci-bgrid-based-post penci-bgrid-style-1 pcbg-ficonpo-top-right pcbg-reiconpo-top-left penci-bgrid-content-on pencibg-imageh-zoom-in pencibg-texth-none pencibg-textani-movetop textop\">\n\t\t\t    <div class=\"penci-border-arrow penci-homepage-title penci-home-latest-posts style-18 style-20 pcalign-left pciconp-right pcicon-right block-title-icon-left\">\n        <h3 class=\"inner-arrow\">\n        <span>\n                    <span>Recommand\u00e9e<\/a>                <\/span>\n        <\/h3>\n\t\t        <\/div>\n\t\t            <div class=\"penci-clearfix penci-biggrid penci-bgstyle-1 penci-bgel\">\n                <div class=\"penci-biggrid-inner default\">\n\t\t\t\t\t<div class=\"penci-clearfix penci-biggrid-data penci-dflex\"><div class=\"penci-bgitem\">\n    <div class=\"penci-bgitin\">\n        <div class=\"penci-bgmain\">\n            <div class=\"pcbg-thumb\">\n\t\t\t\t\t\t\t\t                <div class=\"pcbg-thumbin\">\n                    <a class=\"pcbg-bgoverlay\" href=\"https:\/\/arableague.news\/fr\/%d9%85%d9%86-%d8%aa%d9%88%d9%86%d8%b3-%d8%a5%d9%84%d9%89-%d8%b1%d9%88%d9%85%d8%a7-%d8%a5%d9%84%d9%89-%d9%87%d9%88%d9%84%d9%8a%d9%88%d9%88%d8%af-%d9%85%d8%b9-%d8%a2%d9%84-%d8%a8%d8%a7%d8%aa%d8%b4%d9%8a\/\" title=\"\u0645\u0646 \u062a\u0648\u0646\u0633 \u0625\u0644\u0649 \u0631\u0648\u0645\u0627 \u0625\u0644\u0649 \u0647\u0648\u0644\u064a\u0648\u0648\u062f \u0645\u0639 \u0622\u0644 \u0628\u0627\u062a\u0634\u064a\u0646\u0648 \u0648\u0643\u064a\u0641\u0646 \u0643\u0648\u0633\u062a\u0646\u0631\"><\/a>\n\n                        <div  data-bgset=\"https:\/\/arableague.news\/wp-content\/uploads\/2026\/01\/mohamed-zouaoui-golden-585x410.jpeg\" data_bg_hidpi=\"https:\/\/arableague.news\/wp-content\/uploads\/2026\/01\/mohamed-zouaoui-golden-585x410.jpeg\" class=\"penci-lazy penci-image-holder\">\n                                                    <\/div>\n\n                <\/div>\n            <\/div>\n            <div class=\"pcbg-content\">\n                <div class=\"pcbg-content-flex\">\n                    <a class=\"pcbg-bgoverlay active-overlay\" href=\"https:\/\/arableague.news\/fr\/%d9%85%d9%86-%d8%aa%d9%88%d9%86%d8%b3-%d8%a5%d9%84%d9%89-%d8%b1%d9%88%d9%85%d8%a7-%d8%a5%d9%84%d9%89-%d9%87%d9%88%d9%84%d9%8a%d9%88%d9%88%d8%af-%d9%85%d8%b9-%d8%a2%d9%84-%d8%a8%d8%a7%d8%aa%d8%b4%d9%8a\/\" title=\"\u0645\u0646 \u062a\u0648\u0646\u0633 \u0625\u0644\u0649 \u0631\u0648\u0645\u0627 \u0625\u0644\u0649 \u0647\u0648\u0644\u064a\u0648\u0648\u062f \u0645\u0639 \u0622\u0644 \u0628\u0627\u062a\u0634\u064a\u0646\u0648 \u0648\u0643\u064a\u0641\u0646 \u0643\u0648\u0633\u062a\u0646\u0631\"><\/a>\n                    <div class=\"pcbg-content-inner bgcontent-block\">\n                        <a href=\"https:\/\/arableague.news\/fr\/%d9%85%d9%86-%d8%aa%d9%88%d9%86%d8%b3-%d8%a5%d9%84%d9%89-%d8%b1%d9%88%d9%85%d8%a7-%d8%a5%d9%84%d9%89-%d9%87%d9%88%d9%84%d9%8a%d9%88%d9%88%d8%af-%d9%85%d8%b9-%d8%a2%d9%84-%d8%a8%d8%a7%d8%aa%d8%b4%d9%8a\/\" title=\"\u0645\u0646 \u062a\u0648\u0646\u0633 \u0625\u0644\u0649 \u0631\u0648\u0645\u0627 \u0625\u0644\u0649 \u0647\u0648\u0644\u064a\u0648\u0648\u062f \u0645\u0639 \u0622\u0644 \u0628\u0627\u062a\u0634\u064a\u0646\u0648 \u0648\u0643\u064a\u0641\u0646 \u0643\u0648\u0633\u062a\u0646\u0631\" class=\"pcbg-bgoverlaytext item-hover\"><\/a>\n\n\t\t\t\t\t\t                            <div class=\"pcbg-above item-hover\">\n\t\t\t\t\t\t\t<span class=\"cat pcbg-sub-title\">\n\t\t\t\t\t\t\t\t<a style=\"\" class=\"penci-cat-name penci-cat-198\" href=\"https:\/\/arableague.news\/fr\/category\/communiques-de-presse\/\" rel=\"category tag\"><span style=\"\">Communiqu\u00e9s de Presse<\/span><\/a><a style=\"\" class=\"penci-cat-name penci-cat-1165\" href=\"https:\/\/arableague.news\/fr\/category\/moyen-orient\/\" rel=\"category tag\"><span style=\"\">Moyen-Orient<\/span><\/a><a style=\"\" class=\"penci-cat-name penci-cat-1198\" href=\"https:\/\/arableague.news\/category\/%d8%a7%d9%84%d8%a8%d9%8a%d8%a7%d9%86%d8%a7%d8%aa-%d8%a7%d9%84%d8%b5%d8%ad%d9%81%d9%8a%d8%a9\/\" rel=\"category tag\"><span style=\"\">\u0627\u0644\u0628\u064a\u0627\u0646\u0627\u062a \u0627\u0644\u0635\u062d\u0641\u064a\u0629<\/span><\/a><a style=\"\" class=\"penci-cat-name penci-cat-1200\" href=\"https:\/\/arableague.news\/category\/%d8%a7%d9%84%d8%b4%d8%b1%d9%82-%d8%a7%d9%84%d8%a3%d9%88%d8%b3%d8%b7\/\" rel=\"category tag\"><span style=\"\">\u0627\u0644\u0634\u0631\u0642 \u0627\u0644\u0623\u0648\u0633\u0637<\/span><\/a>\t\t\t\t\t\t\t<\/span>\n                            <\/div>\n\t\t\t\t\t\t\n\t\t\t\t\t\t                            <div class=\"pcbg-heading item-hover\">\n                                <h3 class=\"pcbg-title\">\n                                    <a href=\"https:\/\/arableague.news\/fr\/%d9%85%d9%86-%d8%aa%d9%88%d9%86%d8%b3-%d8%a5%d9%84%d9%89-%d8%b1%d9%88%d9%85%d8%a7-%d8%a5%d9%84%d9%89-%d9%87%d9%88%d9%84%d9%8a%d9%88%d9%88%d8%af-%d9%85%d8%b9-%d8%a2%d9%84-%d8%a8%d8%a7%d8%aa%d8%b4%d9%8a\/\">\n\t\t\t\t\t\t\t\t\t\t\u0645\u0646 \u062a\u0648\u0646\u0633 \u0625\u0644\u0649 \u0631\u0648\u0645\u0627 \u0625\u0644\u0649 \u0647\u0648\u0644\u064a\u0648\u0648\u062f \u0645\u0639 \u0622\u0644 \u0628\u0627\u062a\u0634\u064a\u0646\u0648 \u0648\u0643\u064a\u0641\u0646 \u0643\u0648\u0633\u062a\u0646\u0631                                    <\/a>\n                                <\/h3>\n                            <\/div>\n\t\t\t\t\t\t\n\t\t\t\t\t\t                            <div class=\"grid-post-box-meta pcbg-meta item-hover\">\n                                <div class=\"pcbg-meta-desc\">\n\t\t\t\t\t\t\t\t\t                                        <span class=\"bg-date-author author-italic author vcard\">\n\t\t\t\t\t\t\t\t\t\tpar                                                 <a class=\"author-url url fn n\" href=\"https:\/\/arableague.news\/fr\/author\/admin\/\">R\u00e9daction<\/a>\n\t\t\t\t\t\t\t\t\t\t\t\t\t\t\t\t\t\t\t\t<\/span>\n\t\t\t\t\t\t\t\t\t\t\t\t\t\t\t\t\t\t                                        <span class=\"bg-date\"><time class=\"entry-date published\" datetime=\"2026-01-12T07:45:07+00:00\">12 janvier 2026<\/time><\/span>\n\t\t\t\t\t\t\t\t\t\t\t\t\t\t\t\t\t\t\t\t\t\t\t\t\t\t\t\t\t\t\t\t\t\t\t\t\t\t\t\t\t\t\t\t\t\t\t\t\t\t\t\t\t\t                                <\/div>\n\t\t\t\t\t\t\t\t                            <\/div>\n\t\t\t\t\t\t\n\t\t\t\t\t\t                    <\/div>\n                <\/div>\n            <\/div>\n        <\/div>\n    <\/div>\n<\/div>\n<div class=\"penci-bgitem\">\n    <div class=\"penci-bgitin\">\n        <div class=\"penci-bgmain\">\n            <div class=\"pcbg-thumb\">\n\t\t\t\t\t\t\t\t                <div class=\"pcbg-thumbin\">\n                    <a class=\"pcbg-bgoverlay\" href=\"https:\/\/arableague.news\/fr\/amplifier-votre-message-les-avantages-de-la-distribution-de-communiques-de-presse-dans-les-pays-de-la-ligue-arabe\/\" title=\"Amplifier votre message \u2013 Les avantages de la distribution de communiqu\u00e9s de presse dans les pays de la Ligue arabe\"><\/a>\n\n                        <div  data-bgset=\"https:\/\/arableague.news\/wp-content\/uploads\/2026\/01\/1767357914_Digital-Footprint-_-Cultural-Adaptability-Final-585x540.jpg\" data_bg_hidpi=\"https:\/\/arableague.news\/wp-content\/uploads\/2026\/01\/1767357914_Digital-Footprint-_-Cultural-Adaptability-Final-585x540.jpg\" class=\"penci-lazy penci-image-holder\">\n                                                    <\/div>\n\n                <\/div>\n            <\/div>\n            <div class=\"pcbg-content\">\n                <div class=\"pcbg-content-flex\">\n                    <a class=\"pcbg-bgoverlay active-overlay\" href=\"https:\/\/arableague.news\/fr\/amplifier-votre-message-les-avantages-de-la-distribution-de-communiques-de-presse-dans-les-pays-de-la-ligue-arabe\/\" title=\"Amplifier votre message \u2013 Les avantages de la distribution de communiqu\u00e9s de presse dans les pays de la Ligue arabe\"><\/a>\n                    <div class=\"pcbg-content-inner bgcontent-block\">\n                        <a href=\"https:\/\/arableague.news\/fr\/amplifier-votre-message-les-avantages-de-la-distribution-de-communiques-de-presse-dans-les-pays-de-la-ligue-arabe\/\" title=\"Amplifier votre message \u2013 Les avantages de la distribution de communiqu\u00e9s de presse dans les pays de la Ligue arabe\" class=\"pcbg-bgoverlaytext item-hover\"><\/a>\n\n\t\t\t\t\t\t                            <div class=\"pcbg-above item-hover\">\n\t\t\t\t\t\t\t<span class=\"cat pcbg-sub-title\">\n\t\t\t\t\t\t\t\t<a style=\"\" class=\"penci-cat-name penci-cat-198\" href=\"https:\/\/arableague.news\/fr\/category\/communiques-de-presse\/\" rel=\"category tag\"><span style=\"\">Communiqu\u00e9s de Presse<\/span><\/a><a style=\"\" class=\"penci-cat-name penci-cat-1165\" href=\"https:\/\/arableague.news\/fr\/category\/moyen-orient\/\" rel=\"category tag\"><span style=\"\">Moyen-Orient<\/span><\/a>\t\t\t\t\t\t\t<\/span>\n                            <\/div>\n\t\t\t\t\t\t\n\t\t\t\t\t\t                            <div class=\"pcbg-heading item-hover\">\n                                <h3 class=\"pcbg-title\">\n                                    <a href=\"https:\/\/arableague.news\/fr\/amplifier-votre-message-les-avantages-de-la-distribution-de-communiques-de-presse-dans-les-pays-de-la-ligue-arabe\/\">\n\t\t\t\t\t\t\t\t\t\tAmplifier votre message \u2013 Les avantages de la distribution de communiqu\u00e9s de presse dans les pays de la Ligue arabe                                    <\/a>\n                                <\/h3>\n                            <\/div>\n\t\t\t\t\t\t\n\t\t\t\t\t\t                            <div class=\"grid-post-box-meta pcbg-meta item-hover\">\n                                <div class=\"pcbg-meta-desc\">\n\t\t\t\t\t\t\t\t\t                                        <span class=\"bg-date-author author-italic author vcard\">\n\t\t\t\t\t\t\t\t\t\tpar                                                 <a class=\"author-url url fn n\" href=\"https:\/\/arableague.news\/fr\/author\/admin\/\">R\u00e9daction<\/a>\n\t\t\t\t\t\t\t\t\t\t\t\t\t\t\t\t\t\t\t\t<\/span>\n\t\t\t\t\t\t\t\t\t\t\t\t\t\t\t\t\t\t                                        <span class=\"bg-date\"><time class=\"entry-date published\" datetime=\"2026-01-02T12:45:13+00:00\">2 janvier 2026<\/time><\/span>\n\t\t\t\t\t\t\t\t\t\t\t\t\t\t\t\t\t\t\t\t\t\t\t\t\t\t\t\t\t\t\t\t\t\t\t\t\t\t\t\t\t\t\t\t\t\t\t\t\t\t\t\t\t\t                                <\/div>\n\t\t\t\t\t\t\t\t                            <\/div>\n\t\t\t\t\t\t\n\t\t\t\t\t\t                    <\/div>\n                <\/div>\n            <\/div>\n        <\/div>\n    <\/div>\n<\/div>\n<div class=\"penci-bgitem\">\n    <div class=\"penci-bgitin\">\n        <div class=\"penci-bgmain\">\n            <div class=\"pcbg-thumb\">\n\t\t\t\t\t\t\t\t                <div class=\"pcbg-thumbin\">\n                    <a class=\"pcbg-bgoverlay\" href=\"https:\/\/arableague.news\/fr\/telesin-presente-ses-innovations-en-matiere-daccessoires-pour-smartphones-et-cameras-daction-au-salon-cabsat-2025-a-dubai\/\" title=\"TELESIN pr\u00e9sente ses innovations en mati\u00e8re d\u2019accessoires pour smartphones et cam\u00e9ras d\u2019action au salon CABSAT 2025 \u00e0 Duba\u00ef\"><\/a>\n\n                        <div  data-bgset=\"https:\/\/arableague.news\/wp-content\/uploads\/2026\/01\/TELESIN-at-CABSAT-2025-1-585x244.png\" data_bg_hidpi=\"https:\/\/arableague.news\/wp-content\/uploads\/2026\/01\/TELESIN-at-CABSAT-2025-1-585x244.png\" class=\"penci-lazy penci-image-holder\">\n                                                    <\/div>\n\n                <\/div>\n            <\/div>\n            <div class=\"pcbg-content\">\n                <div class=\"pcbg-content-flex\">\n                    <a class=\"pcbg-bgoverlay active-overlay\" href=\"https:\/\/arableague.news\/fr\/telesin-presente-ses-innovations-en-matiere-daccessoires-pour-smartphones-et-cameras-daction-au-salon-cabsat-2025-a-dubai\/\" title=\"TELESIN pr\u00e9sente ses innovations en mati\u00e8re d\u2019accessoires pour smartphones et cam\u00e9ras d\u2019action au salon CABSAT 2025 \u00e0 Duba\u00ef\"><\/a>\n                    <div class=\"pcbg-content-inner bgcontent-block\">\n                        <a href=\"https:\/\/arableague.news\/fr\/telesin-presente-ses-innovations-en-matiere-daccessoires-pour-smartphones-et-cameras-daction-au-salon-cabsat-2025-a-dubai\/\" title=\"TELESIN pr\u00e9sente ses innovations en mati\u00e8re d\u2019accessoires pour smartphones et cam\u00e9ras d\u2019action au salon CABSAT 2025 \u00e0 Duba\u00ef\" class=\"pcbg-bgoverlaytext item-hover\"><\/a>\n\n\t\t\t\t\t\t                            <div class=\"pcbg-above item-hover\">\n\t\t\t\t\t\t\t<span class=\"cat pcbg-sub-title\">\n\t\t\t\t\t\t\t\t<a style=\"\" class=\"penci-cat-name penci-cat-198\" href=\"https:\/\/arableague.news\/fr\/category\/communiques-de-presse\/\" rel=\"category tag\"><span style=\"\">Communiqu\u00e9s de Presse<\/span><\/a><a style=\"\" class=\"penci-cat-name penci-cat-1165\" href=\"https:\/\/arableague.news\/fr\/category\/moyen-orient\/\" rel=\"category tag\"><span style=\"\">Moyen-Orient<\/span><\/a>\t\t\t\t\t\t\t<\/span>\n                            <\/div>\n\t\t\t\t\t\t\n\t\t\t\t\t\t                            <div class=\"pcbg-heading item-hover\">\n                                <h3 class=\"pcbg-title\">\n                                    <a href=\"https:\/\/arableague.news\/fr\/telesin-presente-ses-innovations-en-matiere-daccessoires-pour-smartphones-et-cameras-daction-au-salon-cabsat-2025-a-dubai\/\">\n\t\t\t\t\t\t\t\t\t\tTELESIN pr\u00e9sente ses innovations en mati\u00e8re d\u2019accessoires pour smartphones et cam\u00e9ras d\u2019action au salon CABSAT 2025 \u00e0 Duba\u00ef                                    <\/a>\n                                <\/h3>\n                            <\/div>\n\t\t\t\t\t\t\n\t\t\t\t\t\t                            <div class=\"grid-post-box-meta pcbg-meta item-hover\">\n                                <div class=\"pcbg-meta-desc\">\n\t\t\t\t\t\t\t\t\t                                        <span class=\"bg-date-author author-italic author vcard\">\n\t\t\t\t\t\t\t\t\t\tpar                                                 <a class=\"author-url url fn n\" href=\"https:\/\/arableague.news\/fr\/author\/admin\/\">R\u00e9daction<\/a>\n\t\t\t\t\t\t\t\t\t\t\t\t\t\t\t\t\t\t\t\t<\/span>\n\t\t\t\t\t\t\t\t\t\t\t\t\t\t\t\t\t\t                                        <span class=\"bg-date\"><time class=\"entry-date published\" datetime=\"2026-01-01T21:45:13+00:00\">1 janvier 2026<\/time><\/span>\n\t\t\t\t\t\t\t\t\t\t\t\t\t\t\t\t\t\t\t\t\t\t\t\t\t\t\t\t\t\t\t\t\t\t\t\t\t\t\t\t\t\t\t\t\t\t\t\t\t\t\t\t\t\t                                <\/div>\n\t\t\t\t\t\t\t\t                            <\/div>\n\t\t\t\t\t\t\n\t\t\t\t\t\t                    <\/div>\n                <\/div>\n            <\/div>\n        <\/div>\n    <\/div>\n<\/div>\n<\/div>                <\/div>\n\t\t\t\t            <\/div>\n        <\/div>\n\t\t\t\t\t\t<\/div>\n\t\t\t\t<\/div>\n\t\t\t\t\t<\/div>\n\t\t<\/div>\n\t\t\t\t\t<\/div>\n\t\t<\/section>\n\t\t\t\t<\/div>\n\t\t","protected":false},"excerpt":{"rendered":"<p>NOUS CONTACTER Si vous avez des questions concernant Arableague.News\u2122 ou si vous \u00eates int\u00e9ress\u00e9&hellip;<\/p>\n","protected":false},"author":1,"featured_media":0,"parent":0,"menu_order":0,"comment_status":"closed","ping_status":"closed","template":"","meta":{"_lmt_disableupdate":"no","_lmt_disable":"","footnotes":""},"class_list":["post-9998","page","type-page","status-publish","hentry"],"_links":{"self":[{"href":"https:\/\/arableague.news\/fr\/wp-json\/wp\/v2\/pages\/9998","targetHints":{"allow":["GET"]}}],"collection":[{"href":"https:\/\/arableague.news\/fr\/wp-json\/wp\/v2\/pages"}],"about":[{"href":"https:\/\/arableague.news\/fr\/wp-json\/wp\/v2\/types\/page"}],"author":[{"embeddable":true,"href":"https:\/\/arableague.news\/fr\/wp-json\/wp\/v2\/users\/1"}],"replies":[{"embeddable":true,"href":"https:\/\/arableague.news\/fr\/wp-json\/wp\/v2\/comments?post=9998"}],"version-history":[{"count":3,"href":"https:\/\/arableague.news\/fr\/wp-json\/wp\/v2\/pages\/9998\/revisions"}],"predecessor-version":[{"id":14232,"href":"https:\/\/arableague.news\/fr\/wp-json\/wp\/v2\/pages\/9998\/revisions\/14232"}],"wp:attachment":[{"href":"https:\/\/arableague.news\/fr\/wp-json\/wp\/v2\/media?parent=9998"}],"curies":[{"name":"wp","href":"https:\/\/api.w.org\/{rel}","templated":true}]}}